{"id":2104,"date":"2025-04-29T10:49:14","date_gmt":"2025-04-29T10:49:14","guid":{"rendered":"https:\/\/abcreklame.rs\/?page_id=2104"},"modified":"2025-04-29T12:19:33","modified_gmt":"2025-04-29T12:19:33","slug":"o-nama","status":"publish","type":"page","link":"https:\/\/abcreklame.rs\/index.php\/o-nama\/","title":{"rendered":"O nama"},"content":{"rendered":"\t\t<div data-elementor-type=\"wp-page\" data-elementor-id=\"2104\" class=\"elementor elementor-2104\" data-elementor-post-type=\"page\">\n\t\t\t\t<div class=\"elementor-element elementor-element-d07eeac e-flex e-con-boxed e-con e-parent\" data-id=\"d07eeac\" data-element_type=\"container\">\n\t\t\t\t\t<div class=\"e-con-inner\">\n\t\t\t\t<div class=\"elementor-element elementor-element-1d6da6b elementor-widget elementor-widget-image\" data-id=\"1d6da6b\" data-element_type=\"widget\" data-widget_type=\"image.default\">\n\t\t\t\t<div class=\"elementor-widget-container\">\n\t\t\t\t\t\t\t\t\t\t\t\t\t\t\t<img decoding=\"async\" width=\"316\" height=\"68\" src=\"https:\/\/abcreklame.rs\/wp-content\/uploads\/2025\/04\/abc-reklame-logoo.png\" class=\"attachment-large size-large wp-image-2216\" alt=\"\" \/>\t\t\t\t\t\t\t\t\t\t\t\t\t\t\t<\/div>\n\t\t\t\t<\/div>\n\t\t\t\t<div class=\"elementor-element elementor-element-d91497a elementor-widget__width-initial elementor-widget elementor-widget-heading\" data-id=\"d91497a\" data-element_type=\"widget\" data-widget_type=\"heading.default\">\n\t\t\t\t<div class=\"elementor-widget-container\">\n\t\t\t\t\t<h2 class=\"elementor-heading-title elementor-size-default\">Na\u0161a vizija je da budemo profesionalni dobavlja\u010d svetle\u0107ih reklama i \u0161tampanih folija za objekte i vozila.<\/h2>\t\t\t\t<\/div>\n\t\t\t\t<\/div>\n\t\t\t\t<div class=\"elementor-element elementor-element-b20b488 elementor-widget__width-initial elementor-widget elementor-widget-heading\" data-id=\"b20b488\" data-element_type=\"widget\" data-widget_type=\"heading.default\">\n\t\t\t\t<div class=\"elementor-widget-container\">\n\t\t\t\t\t<h2 class=\"elementor-heading-title elementor-size-default\">Da odgovorimo na svaki izazov kada su u pitanju inovativna i visokokvalitetna branding re\u0161enja \u0161irom svijeta.<\/h2>\t\t\t\t<\/div>\n\t\t\t\t<\/div>\n\t\t\t\t<div class=\"elementor-element elementor-element-d041252 elementor-widget__width-initial elementor-widget elementor-widget-heading\" data-id=\"d041252\" data-element_type=\"widget\" data-widget_type=\"heading.default\">\n\t\t\t\t<div class=\"elementor-widget-container\">\n\t\t\t\t\t<h2 class=\"elementor-heading-title elementor-size-default\">Koriste\u0107i vrhunske ma\u0161ine i materijale poput inoxa, alubonda, forexa, cast i polimernih folija i ostalog prate\u0107eg materijala i nude\u0107i sveobuhvatan raspon usluga, isporu\u010di\u0107emo proizvode koji dodaju vrednost poslovanju na\u0161ih klijenata i privla\u010de pa\u017enju njihovih kupaca<\/h2>\t\t\t\t<\/div>\n\t\t\t\t<\/div>\n\t\t\t\t\t<\/div>\n\t\t\t\t<\/div>\n\t\t\t\t<\/div>\n\t\t","protected":false},"excerpt":{"rendered":"<p>Na\u0161a vizija je da budemo profesionalni dobavlja\u010d svetle\u0107ih reklama i \u0161tampanih folija za objekte i vozila. Da odgovorimo na svaki izazov kada su u pitanju inovativna i visokokvalitetna branding re\u0161enja \u0161irom svijeta. Koriste\u0107i vrhunske ma\u0161ine i materijale poput inoxa, alubonda, forexa, cast i polimernih folija i ostalog prate\u0107eg materijala i nude\u0107i sveobuhvatan raspon usluga, isporu\u010di\u0107emo [&hellip;]<\/p>\n","protected":false},"author":1,"featured_media":0,"parent":0,"menu_order":0,"comment_status":"closed","ping_status":"closed","template":"","meta":{"footnotes":""},"class_list":["post-2104","page","type-page","status-publish","hentry"],"_links":{"self":[{"href":"https:\/\/abcreklame.rs\/index.php\/wp-json\/wp\/v2\/pages\/2104","targetHints":{"allow":["GET"]}}],"collection":[{"href":"https:\/\/abcreklame.rs\/index.php\/wp-json\/wp\/v2\/pages"}],"about":[{"href":"https:\/\/abcreklame.rs\/index.php\/wp-json\/wp\/v2\/types\/page"}],"author":[{"embeddable":true,"href":"https:\/\/abcreklame.rs\/index.php\/wp-json\/wp\/v2\/users\/1"}],"replies":[{"embeddable":true,"href":"https:\/\/abcreklame.rs\/index.php\/wp-json\/wp\/v2\/comments?post=2104"}],"version-history":[{"count":4,"href":"https:\/\/abcreklame.rs\/index.php\/wp-json\/wp\/v2\/pages\/2104\/revisions"}],"predecessor-version":[{"id":2219,"href":"https:\/\/abcreklame.rs\/index.php\/wp-json\/wp\/v2\/pages\/2104\/revisions\/2219"}],"wp:attachment":[{"href":"https:\/\/abcreklame.rs\/index.php\/wp-json\/wp\/v2\/media?parent=2104"}],"curies":[{"name":"wp","href":"https:\/\/api.w.org\/{rel}","templated":true}]}}